{"id":10748,"date":"2022-09-16T14:37:29","date_gmt":"2022-09-16T18:37:29","guid":{"rendered":"https:\/\/pdmc-montessori.org\/conditions-generales-dutilisation\/"},"modified":"2025-06-10T18:51:18","modified_gmt":"2025-06-10T22:51:18","slug":"conditions-generales-dutilisation","status":"publish","type":"page","link":"https:\/\/pdmc-montessori.org\/fr\/conditions-generales-dutilisation\/","title":{"rendered":"Conditions g\u00e9n\u00e9rales d&rsquo;utilisation"},"content":{"rendered":"\t\t<div data-elementor-type=\"wp-page\" data-elementor-id=\"10748\" class=\"elementor elementor-10748 elementor-2739\" data-elementor-post-type=\"page\">\n\t\t\t\t\t\t<section class=\"elementor-section elementor-top-section elementor-element elementor-element-f88797b elementor-section-boxed elementor-section-height-default elementor-section-height-default\" data-id=\"f88797b\" data-element_type=\"section\" data-e-type=\"section\">\n\t\t\t\t\t\t<div class=\"elementor-container elementor-column-gap-default\">\n\t\t\t\t\t<div class=\"elementor-column elementor-col-100 elementor-top-column elementor-element elementor-element-9e435c1\" data-id=\"9e435c1\" data-element_type=\"column\" data-e-type=\"column\">\n\t\t\t<div class=\"elementor-widget-wrap elementor-element-populated\">\n\t\t\t\t\t\t<div class=\"elementor-element elementor-element-1d32143 elementor-widget elementor-widget-text-editor\" data-id=\"1d32143\" data-element_type=\"widget\" data-e-type=\"widget\" data-widget_type=\"text-editor.default\">\n\t\t\t\t<div class=\"elementor-widget-container\">\n\t\t\t\t\t\t\t\t\t<p>Un remboursement int\u00e9gral (moins 35 $ de frais de dossier) sera accord\u00e9 si la demande de remboursement est faite jusqu&rsquo;\u00e0 30 jours avant le premier jour d&rsquo;un atelier. Aucun remboursement n&rsquo;est possible en cas d&rsquo;annulation moins de 30 jours avant l&rsquo;atelier. Toutefois, les personnes ayant pay\u00e9 leur inscription peuvent \u00eatre transf\u00e9r\u00e9es \u00e0 un autre atelier sans frais suppl\u00e9mentaires. Aucun remboursement n&rsquo;est possible apr\u00e8s un transfert ou si les personnes inscrites ne pr\u00e9viennent pas \u00e0 l&rsquo;avance qu&rsquo;elles ne participeront pas \u00e0 l&rsquo;atelier. En cas d&rsquo;annulation, les participants seront inform\u00e9s par courrier \u00e9lectronique.    <\/p>\t\t\t\t\t\t\t\t<\/div>\n\t\t\t\t<\/div>\n\t\t\t\t\t<\/div>\n\t\t<\/div>\n\t\t\t\t\t<\/div>\n\t\t<\/section>\n\t\t\t\t<\/div>\n\t\t","protected":false},"excerpt":{"rendered":"<p>Un remboursement int\u00e9gral (moins 35 $ de frais de dossier) sera accord\u00e9 si la demande de remboursement est faite jusqu&rsquo;\u00e0 30 jours avant le premier jour d&rsquo;un atelier. Aucun remboursement n&rsquo;est possible en cas d&rsquo;annulation [&hellip;]<\/p>\n","protected":false},"author":2,"featured_media":0,"parent":0,"menu_order":0,"comment_status":"closed","ping_status":"closed","template":"","meta":{"site-sidebar-layout":"no-sidebar","site-content-layout":"page-builder","ast-site-content-layout":"default","site-content-style":"default","site-sidebar-style":"default","ast-global-header-display":"","ast-banner-title-visibility":"","ast-main-header-display":"","ast-hfb-above-header-display":"","ast-hfb-below-header-display":"","ast-hfb-mobile-header-display":"","site-post-title":"","ast-breadcrumbs-content":"","ast-featured-img":"disabled","footer-sml-layout":"","theme-transparent-header-meta":"","adv-header-id-meta":"","stick-header-meta":"","header-above-stick-meta":"","header-main-stick-meta":"","header-below-stick-meta":"","astra-migrate-meta-layouts":"default","ast-page-background-enabled":"default","ast-page-background-meta":{"desktop":{"background-color":"","background-image":"","background-repeat":"repeat","background-position":"center center","background-size":"auto","background-attachment":"scroll","background-type":"","background-media":"","overlay-type":"","overlay-color":"","overlay-opacity":"","overlay-gradient":""},"tablet":{"background-color":"","background-image":"","background-repeat":"repeat","background-position":"center center","background-size":"auto","background-attachment":"scroll","background-type":"","background-media":"","overlay-type":"","overlay-color":"","overlay-opacity":"","overlay-gradient":""},"mobile":{"background-color":"","background-image":"","background-repeat":"repeat","background-position":"center center","background-size":"auto","background-attachment":"scroll","background-type":"","background-media":"","overlay-type":"","overlay-color":"","overlay-opacity":"","overlay-gradient":""}},"ast-content-background-meta":{"desktop":{"background-color":"var(--ast-global-color-5)","background-image":"","background-repeat":"repeat","background-position":"center center","background-size":"auto","background-attachment":"scroll","background-type":"","background-media":"","overlay-type":"","overlay-color":"","overlay-opacity":"","overlay-gradient":""},"tablet":{"background-color":"var(--ast-global-color-5)","background-image":"","background-repeat":"repeat","background-position":"center center","background-size":"auto","background-attachment":"scroll","background-type":"","background-media":"","overlay-type":"","overlay-color":"","overlay-opacity":"","overlay-gradient":""},"mobile":{"background-color":"var(--ast-global-color-5)","background-image":"","background-repeat":"repeat","background-position":"center center","background-size":"auto","background-attachment":"scroll","background-type":"","background-media":"","overlay-type":"","overlay-color":"","overlay-opacity":"","overlay-gradient":""}},"footnotes":""},"class_list":["post-10748","page","type-page","status-publish","hentry"],"yoast_head":"<!-- This site is optimized with the Yoast SEO plugin v27.3 - https:\/\/yoast.com\/product\/yoast-seo-wordpress\/ -->\n<title>Conditions g\u00e9n\u00e9rales d&#039;utilisation - Positive Discipline in the Montessori Classroom<\/title>\n<meta name=\"robots\" content=\"index, follow, max-snippet:-1, max-image-preview:large, max-video-preview:-1\" \/>\n<link rel=\"canonical\" href=\"https:\/\/pdmc-montessori.org\/fr\/conditions-generales-dutilisation\/\" \/>\n<meta property=\"og:locale\" content=\"fr_FR\" \/>\n<meta property=\"og:type\" content=\"article\" \/>\n<meta property=\"og:title\" content=\"Conditions g\u00e9n\u00e9rales d&#039;utilisation - Positive Discipline in the Montessori Classroom\" \/>\n<meta property=\"og:description\" content=\"Un remboursement int\u00e9gral (moins 35 $ de frais de dossier) sera accord\u00e9 si la demande de remboursement est faite jusqu&rsquo;\u00e0 30 jours avant le premier jour d&rsquo;un atelier. Aucun remboursement n&rsquo;est possible en cas d&rsquo;annulation [&hellip;]\" \/>\n<meta property=\"og:url\" content=\"https:\/\/pdmc-montessori.org\/fr\/conditions-generales-dutilisation\/\" \/>\n<meta property=\"og:site_name\" content=\"Positive Discipline in the Montessori Classroom\" \/>\n<meta property=\"article:modified_time\" content=\"2025-06-10T22:51:18+00:00\" \/>\n<meta property=\"og:image\" content=\"https:\/\/pdmc-montessori.org\/wp-content\/uploads\/2025\/06\/PDMC-Square-Logo-2.png\" \/>\n\t<meta property=\"og:image:width\" content=\"6912\" \/>\n\t<meta property=\"og:image:height\" content=\"3456\" \/>\n\t<meta property=\"og:image:type\" content=\"image\/png\" \/>\n<meta name=\"twitter:card\" content=\"summary_large_image\" \/>\n<script type=\"application\/ld+json\" class=\"yoast-schema-graph\">{\"@context\":\"https:\\\/\\\/schema.org\",\"@graph\":[{\"@type\":\"WebPage\",\"@id\":\"https:\\\/\\\/pdmc-montessori.org\\\/fr\\\/conditions-generales-dutilisation\\\/\",\"url\":\"https:\\\/\\\/pdmc-montessori.org\\\/fr\\\/conditions-generales-dutilisation\\\/\",\"name\":\"Conditions g\u00e9n\u00e9rales d'utilisation - Positive Discipline in the Montessori Classroom\",\"isPartOf\":{\"@id\":\"https:\\\/\\\/pdmc-montessori.org\\\/fr\\\/#website\"},\"datePublished\":\"2022-09-16T18:37:29+00:00\",\"dateModified\":\"2025-06-10T22:51:18+00:00\",\"breadcrumb\":{\"@id\":\"https:\\\/\\\/pdmc-montessori.org\\\/fr\\\/conditions-generales-dutilisation\\\/#breadcrumb\"},\"inLanguage\":\"fr-FR\",\"potentialAction\":[{\"@type\":\"ReadAction\",\"target\":[\"https:\\\/\\\/pdmc-montessori.org\\\/fr\\\/conditions-generales-dutilisation\\\/\"]}]},{\"@type\":\"BreadcrumbList\",\"@id\":\"https:\\\/\\\/pdmc-montessori.org\\\/fr\\\/conditions-generales-dutilisation\\\/#breadcrumb\",\"itemListElement\":[{\"@type\":\"ListItem\",\"position\":1,\"name\":\"Home\",\"item\":\"https:\\\/\\\/pdmc-montessori.org\\\/fr\\\/page-daccueil-du-cd\\\/\"},{\"@type\":\"ListItem\",\"position\":2,\"name\":\"Conditions g\u00e9n\u00e9rales d&#8217;utilisation\"}]},{\"@type\":\"WebSite\",\"@id\":\"https:\\\/\\\/pdmc-montessori.org\\\/fr\\\/#website\",\"url\":\"https:\\\/\\\/pdmc-montessori.org\\\/fr\\\/\",\"name\":\"Positive Discipline in the Montessori Classroom\",\"description\":\"Positive Discipline training for Montessori educators\",\"publisher\":{\"@id\":\"https:\\\/\\\/pdmc-montessori.org\\\/fr\\\/#\\\/schema\\\/person\\\/6b4869f122ec229aca6c597b8b59f661\"},\"alternateName\":\"PDMC Montessori\",\"potentialAction\":[{\"@type\":\"SearchAction\",\"target\":{\"@type\":\"EntryPoint\",\"urlTemplate\":\"https:\\\/\\\/pdmc-montessori.org\\\/fr\\\/?s={search_term_string}\"},\"query-input\":{\"@type\":\"PropertyValueSpecification\",\"valueRequired\":true,\"valueName\":\"search_term_string\"}}],\"inLanguage\":\"fr-FR\"},{\"@type\":[\"Person\",\"Organization\"],\"@id\":\"https:\\\/\\\/pdmc-montessori.org\\\/fr\\\/#\\\/schema\\\/person\\\/6b4869f122ec229aca6c597b8b59f661\",\"name\":\"Chip DeLorenzo\",\"image\":{\"@type\":\"ImageObject\",\"inLanguage\":\"fr-FR\",\"@id\":\"https:\\\/\\\/pdmc-montessori.org\\\/wp-content\\\/uploads\\\/2025\\\/03\\\/cropped-PDMC-Website-Logo-1-1.png\",\"url\":\"https:\\\/\\\/pdmc-montessori.org\\\/wp-content\\\/uploads\\\/2025\\\/03\\\/cropped-PDMC-Website-Logo-1-1.png\",\"contentUrl\":\"https:\\\/\\\/pdmc-montessori.org\\\/wp-content\\\/uploads\\\/2025\\\/03\\\/cropped-PDMC-Website-Logo-1-1.png\",\"width\":1554,\"height\":395,\"caption\":\"Chip DeLorenzo\"},\"logo\":{\"@id\":\"https:\\\/\\\/pdmc-montessori.org\\\/wp-content\\\/uploads\\\/2025\\\/03\\\/cropped-PDMC-Website-Logo-1-1.png\"}}]}<\/script>\n<!-- \/ Yoast SEO plugin. -->","yoast_head_json":{"title":"Conditions g\u00e9n\u00e9rales d'utilisation - Positive Discipline in the Montessori Classroom","robots":{"index":"index","follow":"follow","max-snippet":"max-snippet:-1","max-image-preview":"max-image-preview:large","max-video-preview":"max-video-preview:-1"},"canonical":"https:\/\/pdmc-montessori.org\/fr\/conditions-generales-dutilisation\/","og_locale":"fr_FR","og_type":"article","og_title":"Conditions g\u00e9n\u00e9rales d'utilisation - Positive Discipline in the Montessori Classroom","og_description":"Un remboursement int\u00e9gral (moins 35 $ de frais de dossier) sera accord\u00e9 si la demande de remboursement est faite jusqu&rsquo;\u00e0 30 jours avant le premier jour d&rsquo;un atelier. Aucun remboursement n&rsquo;est possible en cas d&rsquo;annulation [&hellip;]","og_url":"https:\/\/pdmc-montessori.org\/fr\/conditions-generales-dutilisation\/","og_site_name":"Positive Discipline in the Montessori Classroom","article_modified_time":"2025-06-10T22:51:18+00:00","og_image":[{"width":6912,"height":3456,"url":"https:\/\/pdmc-montessori.org\/wp-content\/uploads\/2025\/06\/PDMC-Square-Logo-2.png","type":"image\/png"}],"twitter_card":"summary_large_image","schema":{"@context":"https:\/\/schema.org","@graph":[{"@type":"WebPage","@id":"https:\/\/pdmc-montessori.org\/fr\/conditions-generales-dutilisation\/","url":"https:\/\/pdmc-montessori.org\/fr\/conditions-generales-dutilisation\/","name":"Conditions g\u00e9n\u00e9rales d'utilisation - Positive Discipline in the Montessori Classroom","isPartOf":{"@id":"https:\/\/pdmc-montessori.org\/fr\/#website"},"datePublished":"2022-09-16T18:37:29+00:00","dateModified":"2025-06-10T22:51:18+00:00","breadcrumb":{"@id":"https:\/\/pdmc-montessori.org\/fr\/conditions-generales-dutilisation\/#breadcrumb"},"inLanguage":"fr-FR","potentialAction":[{"@type":"ReadAction","target":["https:\/\/pdmc-montessori.org\/fr\/conditions-generales-dutilisation\/"]}]},{"@type":"BreadcrumbList","@id":"https:\/\/pdmc-montessori.org\/fr\/conditions-generales-dutilisation\/#breadcrumb","itemListElement":[{"@type":"ListItem","position":1,"name":"Home","item":"https:\/\/pdmc-montessori.org\/fr\/page-daccueil-du-cd\/"},{"@type":"ListItem","position":2,"name":"Conditions g\u00e9n\u00e9rales d&#8217;utilisation"}]},{"@type":"WebSite","@id":"https:\/\/pdmc-montessori.org\/fr\/#website","url":"https:\/\/pdmc-montessori.org\/fr\/","name":"Positive Discipline in the Montessori Classroom","description":"Positive Discipline training for Montessori educators","publisher":{"@id":"https:\/\/pdmc-montessori.org\/fr\/#\/schema\/person\/6b4869f122ec229aca6c597b8b59f661"},"alternateName":"PDMC Montessori","potentialAction":[{"@type":"SearchAction","target":{"@type":"EntryPoint","urlTemplate":"https:\/\/pdmc-montessori.org\/fr\/?s={search_term_string}"},"query-input":{"@type":"PropertyValueSpecification","valueRequired":true,"valueName":"search_term_string"}}],"inLanguage":"fr-FR"},{"@type":["Person","Organization"],"@id":"https:\/\/pdmc-montessori.org\/fr\/#\/schema\/person\/6b4869f122ec229aca6c597b8b59f661","name":"Chip DeLorenzo","image":{"@type":"ImageObject","inLanguage":"fr-FR","@id":"https:\/\/pdmc-montessori.org\/wp-content\/uploads\/2025\/03\/cropped-PDMC-Website-Logo-1-1.png","url":"https:\/\/pdmc-montessori.org\/wp-content\/uploads\/2025\/03\/cropped-PDMC-Website-Logo-1-1.png","contentUrl":"https:\/\/pdmc-montessori.org\/wp-content\/uploads\/2025\/03\/cropped-PDMC-Website-Logo-1-1.png","width":1554,"height":395,"caption":"Chip DeLorenzo"},"logo":{"@id":"https:\/\/pdmc-montessori.org\/wp-content\/uploads\/2025\/03\/cropped-PDMC-Website-Logo-1-1.png"}}]}},"jetpack_sharing_enabled":true,"_links":{"self":[{"href":"https:\/\/pdmc-montessori.org\/fr\/wp-json\/wp\/v2\/pages\/10748","targetHints":{"allow":["GET"]}}],"collection":[{"href":"https:\/\/pdmc-montessori.org\/fr\/wp-json\/wp\/v2\/pages"}],"about":[{"href":"https:\/\/pdmc-montessori.org\/fr\/wp-json\/wp\/v2\/types\/page"}],"author":[{"embeddable":true,"href":"https:\/\/pdmc-montessori.org\/fr\/wp-json\/wp\/v2\/users\/2"}],"replies":[{"embeddable":true,"href":"https:\/\/pdmc-montessori.org\/fr\/wp-json\/wp\/v2\/comments?post=10748"}],"version-history":[{"count":0,"href":"https:\/\/pdmc-montessori.org\/fr\/wp-json\/wp\/v2\/pages\/10748\/revisions"}],"wp:attachment":[{"href":"https:\/\/pdmc-montessori.org\/fr\/wp-json\/wp\/v2\/media?parent=10748"}],"curies":[{"name":"wp","href":"https:\/\/api.w.org\/{rel}","templated":true}]}}