{"id":10798,"date":"2020-11-09T18:33:07","date_gmt":"2020-11-09T23:33:07","guid":{"rendered":"https:\/\/pdmc-montessori.org\/enregistrement-du-site\/"},"modified":"2025-06-10T18:52:14","modified_gmt":"2025-06-10T22:52:14","slug":"enregistrement-du-site","status":"publish","type":"page","link":"https:\/\/pdmc-montessori.org\/fr\/enregistrement-du-site\/","title":{"rendered":"Enregistrement du site"},"content":{"rendered":"\t\t<div data-elementor-type=\"wp-page\" data-elementor-id=\"10798\" class=\"elementor elementor-10798 elementor-99\" data-elementor-post-type=\"page\">\n\t\t\t\t\t\t<section class=\"elementor-section elementor-top-section elementor-element elementor-element-c678642 elementor-section-boxed elementor-section-height-default elementor-section-height-default\" data-id=\"c678642\" data-element_type=\"section\" data-e-type=\"section\">\n\t\t\t\t\t\t<div class=\"elementor-container elementor-column-gap-narrow\">\n\t\t\t\t\t<div class=\"elementor-column elementor-col-100 elementor-top-column elementor-element elementor-element-bf12e0f\" data-id=\"bf12e0f\" data-element_type=\"column\" data-e-type=\"column\">\n\t\t\t<div class=\"elementor-widget-wrap elementor-element-populated\">\n\t\t\t\t\t\t<div class=\"elementor-element elementor-element-2fc82e1 elementor-widget elementor-widget-spacer\" data-id=\"2fc82e1\" data-element_type=\"widget\" data-e-type=\"widget\" data-widget_type=\"spacer.default\">\n\t\t\t\t<div class=\"elementor-widget-container\">\n\t\t\t\t\t\t\t<div class=\"elementor-spacer\">\n\t\t\t<div class=\"elementor-spacer-inner\"><\/div>\n\t\t<\/div>\n\t\t\t\t\t\t<\/div>\n\t\t\t\t<\/div>\n\t\t\t\t<div class=\"elementor-element elementor-element-5d0acbe elementor-widget elementor-widget-text-editor\" data-id=\"5d0acbe\" data-element_type=\"widget\" data-e-type=\"widget\" data-widget_type=\"text-editor.default\">\n\t\t\t\t<div class=\"elementor-widget-container\">\n\t\t\t\t\t\t\t\t\t<p><strong style=\"font-size: 150%;\">Enregistrement du site<\/strong><\/p><p>Remplissez le formulaire et cliquez sur le bouton d&rsquo;inscription pour cr\u00e9er un compte. Vous pouvez \u00e9galement cr\u00e9er un compte \u00e0 la caisse lorsque vous effectuez un achat. <\/p>\t\t\t\t\t\t\t\t<\/div>\n\t\t\t\t<\/div>\n\t\t\t\t\t<\/div>\n\t\t<\/div>\n\t\t\t\t\t<\/div>\n\t\t<\/section>\n\t\t\t\t<section class=\"elementor-section elementor-top-section elementor-element elementor-element-814324c elementor-section-boxed elementor-section-height-default elementor-section-height-default\" data-id=\"814324c\" data-element_type=\"section\" data-e-type=\"section\">\n\t\t\t\t\t\t<div class=\"elementor-container elementor-column-gap-default\">\n\t\t\t\t\t<div class=\"elementor-column elementor-col-100 elementor-top-column elementor-element elementor-element-e211ed9\" data-id=\"e211ed9\" data-element_type=\"column\" data-e-type=\"column\">\n\t\t\t<div class=\"elementor-widget-wrap elementor-element-populated\">\n\t\t\t\t\t\t<div class=\"elementor-element elementor-element-c101607 elementor-widget elementor-widget-spacer\" data-id=\"c101607\" data-element_type=\"widget\" data-e-type=\"widget\" data-widget_type=\"spacer.default\">\n\t\t\t\t<div class=\"elementor-widget-container\">\n\t\t\t\t\t\t\t<div class=\"elementor-spacer\">\n\t\t\t<div class=\"elementor-spacer-inner\"><\/div>\n\t\t<\/div>\n\t\t\t\t\t\t<\/div>\n\t\t\t\t<\/div>\n\t\t\t\t\t<\/div>\n\t\t<\/div>\n\t\t\t\t\t<\/div>\n\t\t<\/section>\n\t\t\t\t<\/div>\n\t\t","protected":false},"excerpt":{"rendered":"<p>Enregistrement du site Remplissez le formulaire et cliquez sur le bouton d&rsquo;inscription pour cr\u00e9er un compte. Vous pouvez \u00e9galement cr\u00e9er un compte \u00e0 la caisse lorsque vous effectuez un achat. Vous avez d\u00e9j\u00e0 un compte, [&hellip;]<\/p>\n","protected":false},"author":2,"featured_media":0,"parent":0,"menu_order":0,"comment_status":"closed","ping_status":"closed","template":"","meta":{"site-sidebar-layout":"no-sidebar","site-content-layout":"page-builder","ast-site-content-layout":"default","site-content-style":"default","site-sidebar-style":"default","ast-global-header-display":"","ast-banner-title-visibility":"","ast-main-header-display":"","ast-hfb-above-header-display":"","ast-hfb-below-header-display":"","ast-hfb-mobile-header-display":"","site-post-title":"disabled","ast-breadcrumbs-content":"","ast-featured-img":"","footer-sml-layout":"","theme-transparent-header-meta":"default","adv-header-id-meta":"","stick-header-meta":"default","header-above-stick-meta":"","header-main-stick-meta":"","header-below-stick-meta":"","astra-migrate-meta-layouts":"default","ast-page-background-enabled":"default","ast-page-background-meta":{"desktop":{"background-color":"","background-image":"","background-repeat":"repeat","background-position":"center center","background-size":"auto","background-attachment":"scroll","background-type":"","background-media":"","overlay-type":"","overlay-color":"","overlay-opacity":"","overlay-gradient":""},"tablet":{"background-color":"","background-image":"","background-repeat":"repeat","background-position":"center center","background-size":"auto","background-attachment":"scroll","background-type":"","background-media":"","overlay-type":"","overlay-color":"","overlay-opacity":"","overlay-gradient":""},"mobile":{"background-color":"","background-image":"","background-repeat":"repeat","background-position":"center center","background-size":"auto","background-attachment":"scroll","background-type":"","background-media":"","overlay-type":"","overlay-color":"","overlay-opacity":"","overlay-gradient":""}},"ast-content-background-meta":{"desktop":{"background-color":"var(--ast-global-color-5)","background-image":"","background-repeat":"repeat","background-position":"center center","background-size":"auto","background-attachment":"scroll","background-type":"","background-media":"","overlay-type":"","overlay-color":"","overlay-opacity":"","overlay-gradient":""},"tablet":{"background-color":"var(--ast-global-color-5)","background-image":"","background-repeat":"repeat","background-position":"center center","background-size":"auto","background-attachment":"scroll","background-type":"","background-media":"","overlay-type":"","overlay-color":"","overlay-opacity":"","overlay-gradient":""},"mobile":{"background-color":"var(--ast-global-color-5)","background-image":"","background-repeat":"repeat","background-position":"center center","background-size":"auto","background-attachment":"scroll","background-type":"","background-media":"","overlay-type":"","overlay-color":"","overlay-opacity":"","overlay-gradient":""}},"footnotes":""},"class_list":["post-10798","page","type-page","status-publish","hentry"],"yoast_head":"<!-- This site is optimized with the Yoast SEO plugin v27.3 - https:\/\/yoast.com\/product\/yoast-seo-wordpress\/ -->\n<title>Enregistrement du site - Positive Discipline in the Montessori Classroom<\/title>\n<meta name=\"robots\" content=\"index, follow, max-snippet:-1, max-image-preview:large, max-video-preview:-1\" \/>\n<link rel=\"canonical\" href=\"https:\/\/pdmc-montessori.org\/fr\/enregistrement-du-site\/\" \/>\n<meta property=\"og:locale\" content=\"fr_FR\" \/>\n<meta property=\"og:type\" content=\"article\" \/>\n<meta property=\"og:title\" content=\"Enregistrement du site - Positive Discipline in the Montessori Classroom\" \/>\n<meta property=\"og:description\" content=\"Enregistrement du site Remplissez le formulaire et cliquez sur le bouton d&rsquo;inscription pour cr\u00e9er un compte. Vous pouvez \u00e9galement cr\u00e9er un compte \u00e0 la caisse lorsque vous effectuez un achat. Vous avez d\u00e9j\u00e0 un compte, [&hellip;]\" \/>\n<meta property=\"og:url\" content=\"https:\/\/pdmc-montessori.org\/fr\/enregistrement-du-site\/\" \/>\n<meta property=\"og:site_name\" content=\"Positive Discipline in the Montessori Classroom\" \/>\n<meta property=\"article:modified_time\" content=\"2025-06-10T22:52:14+00:00\" \/>\n<meta property=\"og:image\" content=\"https:\/\/pdmc-montessori.org\/wp-content\/uploads\/2025\/06\/PDMC-Square-Logo-2.png\" \/>\n\t<meta property=\"og:image:width\" content=\"6912\" \/>\n\t<meta property=\"og:image:height\" content=\"3456\" \/>\n\t<meta property=\"og:image:type\" content=\"image\/png\" \/>\n<meta name=\"twitter:card\" content=\"summary_large_image\" \/>\n<script type=\"application\/ld+json\" class=\"yoast-schema-graph\">{\"@context\":\"https:\\\/\\\/schema.org\",\"@graph\":[{\"@type\":\"WebPage\",\"@id\":\"https:\\\/\\\/pdmc-montessori.org\\\/fr\\\/enregistrement-du-site\\\/\",\"url\":\"https:\\\/\\\/pdmc-montessori.org\\\/fr\\\/enregistrement-du-site\\\/\",\"name\":\"Enregistrement du site - Positive Discipline in the Montessori Classroom\",\"isPartOf\":{\"@id\":\"https:\\\/\\\/pdmc-montessori.org\\\/fr\\\/#website\"},\"datePublished\":\"2020-11-09T23:33:07+00:00\",\"dateModified\":\"2025-06-10T22:52:14+00:00\",\"breadcrumb\":{\"@id\":\"https:\\\/\\\/pdmc-montessori.org\\\/fr\\\/enregistrement-du-site\\\/#breadcrumb\"},\"inLanguage\":\"fr-FR\",\"potentialAction\":[{\"@type\":\"ReadAction\",\"target\":[\"https:\\\/\\\/pdmc-montessori.org\\\/fr\\\/enregistrement-du-site\\\/\"]}]},{\"@type\":\"BreadcrumbList\",\"@id\":\"https:\\\/\\\/pdmc-montessori.org\\\/fr\\\/enregistrement-du-site\\\/#breadcrumb\",\"itemListElement\":[{\"@type\":\"ListItem\",\"position\":1,\"name\":\"Home\",\"item\":\"https:\\\/\\\/pdmc-montessori.org\\\/fr\\\/page-daccueil-du-cd\\\/\"},{\"@type\":\"ListItem\",\"position\":2,\"name\":\"Enregistrement du site\"}]},{\"@type\":\"WebSite\",\"@id\":\"https:\\\/\\\/pdmc-montessori.org\\\/fr\\\/#website\",\"url\":\"https:\\\/\\\/pdmc-montessori.org\\\/fr\\\/\",\"name\":\"Positive Discipline in the Montessori Classroom\",\"description\":\"Positive Discipline training for Montessori educators\",\"publisher\":{\"@id\":\"https:\\\/\\\/pdmc-montessori.org\\\/fr\\\/#\\\/schema\\\/person\\\/6b4869f122ec229aca6c597b8b59f661\"},\"alternateName\":\"PDMC Montessori\",\"potentialAction\":[{\"@type\":\"SearchAction\",\"target\":{\"@type\":\"EntryPoint\",\"urlTemplate\":\"https:\\\/\\\/pdmc-montessori.org\\\/fr\\\/?s={search_term_string}\"},\"query-input\":{\"@type\":\"PropertyValueSpecification\",\"valueRequired\":true,\"valueName\":\"search_term_string\"}}],\"inLanguage\":\"fr-FR\"},{\"@type\":[\"Person\",\"Organization\"],\"@id\":\"https:\\\/\\\/pdmc-montessori.org\\\/fr\\\/#\\\/schema\\\/person\\\/6b4869f122ec229aca6c597b8b59f661\",\"name\":\"Chip DeLorenzo\",\"image\":{\"@type\":\"ImageObject\",\"inLanguage\":\"fr-FR\",\"@id\":\"https:\\\/\\\/pdmc-montessori.org\\\/wp-content\\\/uploads\\\/2025\\\/03\\\/cropped-PDMC-Website-Logo-1-1.png\",\"url\":\"https:\\\/\\\/pdmc-montessori.org\\\/wp-content\\\/uploads\\\/2025\\\/03\\\/cropped-PDMC-Website-Logo-1-1.png\",\"contentUrl\":\"https:\\\/\\\/pdmc-montessori.org\\\/wp-content\\\/uploads\\\/2025\\\/03\\\/cropped-PDMC-Website-Logo-1-1.png\",\"width\":1554,\"height\":395,\"caption\":\"Chip DeLorenzo\"},\"logo\":{\"@id\":\"https:\\\/\\\/pdmc-montessori.org\\\/wp-content\\\/uploads\\\/2025\\\/03\\\/cropped-PDMC-Website-Logo-1-1.png\"}}]}<\/script>\n<!-- \/ Yoast SEO plugin. -->","yoast_head_json":{"title":"Enregistrement du site - Positive Discipline in the Montessori Classroom","robots":{"index":"index","follow":"follow","max-snippet":"max-snippet:-1","max-image-preview":"max-image-preview:large","max-video-preview":"max-video-preview:-1"},"canonical":"https:\/\/pdmc-montessori.org\/fr\/enregistrement-du-site\/","og_locale":"fr_FR","og_type":"article","og_title":"Enregistrement du site - Positive Discipline in the Montessori Classroom","og_description":"Enregistrement du site Remplissez le formulaire et cliquez sur le bouton d&rsquo;inscription pour cr\u00e9er un compte. Vous pouvez \u00e9galement cr\u00e9er un compte \u00e0 la caisse lorsque vous effectuez un achat. Vous avez d\u00e9j\u00e0 un compte, [&hellip;]","og_url":"https:\/\/pdmc-montessori.org\/fr\/enregistrement-du-site\/","og_site_name":"Positive Discipline in the Montessori Classroom","article_modified_time":"2025-06-10T22:52:14+00:00","og_image":[{"width":6912,"height":3456,"url":"https:\/\/pdmc-montessori.org\/wp-content\/uploads\/2025\/06\/PDMC-Square-Logo-2.png","type":"image\/png"}],"twitter_card":"summary_large_image","schema":{"@context":"https:\/\/schema.org","@graph":[{"@type":"WebPage","@id":"https:\/\/pdmc-montessori.org\/fr\/enregistrement-du-site\/","url":"https:\/\/pdmc-montessori.org\/fr\/enregistrement-du-site\/","name":"Enregistrement du site - Positive Discipline in the Montessori Classroom","isPartOf":{"@id":"https:\/\/pdmc-montessori.org\/fr\/#website"},"datePublished":"2020-11-09T23:33:07+00:00","dateModified":"2025-06-10T22:52:14+00:00","breadcrumb":{"@id":"https:\/\/pdmc-montessori.org\/fr\/enregistrement-du-site\/#breadcrumb"},"inLanguage":"fr-FR","potentialAction":[{"@type":"ReadAction","target":["https:\/\/pdmc-montessori.org\/fr\/enregistrement-du-site\/"]}]},{"@type":"BreadcrumbList","@id":"https:\/\/pdmc-montessori.org\/fr\/enregistrement-du-site\/#breadcrumb","itemListElement":[{"@type":"ListItem","position":1,"name":"Home","item":"https:\/\/pdmc-montessori.org\/fr\/page-daccueil-du-cd\/"},{"@type":"ListItem","position":2,"name":"Enregistrement du site"}]},{"@type":"WebSite","@id":"https:\/\/pdmc-montessori.org\/fr\/#website","url":"https:\/\/pdmc-montessori.org\/fr\/","name":"Positive Discipline in the Montessori Classroom","description":"Positive Discipline training for Montessori educators","publisher":{"@id":"https:\/\/pdmc-montessori.org\/fr\/#\/schema\/person\/6b4869f122ec229aca6c597b8b59f661"},"alternateName":"PDMC Montessori","potentialAction":[{"@type":"SearchAction","target":{"@type":"EntryPoint","urlTemplate":"https:\/\/pdmc-montessori.org\/fr\/?s={search_term_string}"},"query-input":{"@type":"PropertyValueSpecification","valueRequired":true,"valueName":"search_term_string"}}],"inLanguage":"fr-FR"},{"@type":["Person","Organization"],"@id":"https:\/\/pdmc-montessori.org\/fr\/#\/schema\/person\/6b4869f122ec229aca6c597b8b59f661","name":"Chip DeLorenzo","image":{"@type":"ImageObject","inLanguage":"fr-FR","@id":"https:\/\/pdmc-montessori.org\/wp-content\/uploads\/2025\/03\/cropped-PDMC-Website-Logo-1-1.png","url":"https:\/\/pdmc-montessori.org\/wp-content\/uploads\/2025\/03\/cropped-PDMC-Website-Logo-1-1.png","contentUrl":"https:\/\/pdmc-montessori.org\/wp-content\/uploads\/2025\/03\/cropped-PDMC-Website-Logo-1-1.png","width":1554,"height":395,"caption":"Chip DeLorenzo"},"logo":{"@id":"https:\/\/pdmc-montessori.org\/wp-content\/uploads\/2025\/03\/cropped-PDMC-Website-Logo-1-1.png"}}]}},"jetpack_sharing_enabled":true,"_links":{"self":[{"href":"https:\/\/pdmc-montessori.org\/fr\/wp-json\/wp\/v2\/pages\/10798","targetHints":{"allow":["GET"]}}],"collection":[{"href":"https:\/\/pdmc-montessori.org\/fr\/wp-json\/wp\/v2\/pages"}],"about":[{"href":"https:\/\/pdmc-montessori.org\/fr\/wp-json\/wp\/v2\/types\/page"}],"author":[{"embeddable":true,"href":"https:\/\/pdmc-montessori.org\/fr\/wp-json\/wp\/v2\/users\/2"}],"replies":[{"embeddable":true,"href":"https:\/\/pdmc-montessori.org\/fr\/wp-json\/wp\/v2\/comments?post=10798"}],"version-history":[{"count":0,"href":"https:\/\/pdmc-montessori.org\/fr\/wp-json\/wp\/v2\/pages\/10798\/revisions"}],"wp:attachment":[{"href":"https:\/\/pdmc-montessori.org\/fr\/wp-json\/wp\/v2\/media?parent=10798"}],"curies":[{"name":"wp","href":"https:\/\/api.w.org\/{rel}","templated":true}]}}