{"id":10808,"date":"2020-11-01T21:41:48","date_gmt":"2020-11-02T02:41:48","guid":{"rendered":"https:\/\/pdmc-montessori.org\/a-propos-de\/"},"modified":"2025-12-18T16:21:01","modified_gmt":"2025-12-18T21:21:01","slug":"a-propos-de","status":"publish","type":"page","link":"https:\/\/pdmc-montessori.org\/fr\/a-propos-de\/","title":{"rendered":"A propos de"},"content":{"rendered":"\t\t<div data-elementor-type=\"wp-page\" data-elementor-id=\"10808\" class=\"elementor elementor-10808 elementor-44\" data-elementor-post-type=\"page\">\n\t\t\t\t\t\t<section class=\"elementor-section elementor-top-section elementor-element elementor-element-11e503b elementor-section-boxed elementor-section-height-default elementor-section-height-default\" data-id=\"11e503b\" data-element_type=\"section\" data-e-type=\"section\">\n\t\t\t\t\t\t<div class=\"elementor-container elementor-column-gap-default\">\n\t\t\t\t\t<div class=\"elementor-column elementor-col-100 elementor-top-column elementor-element elementor-element-9a42e07\" data-id=\"9a42e07\" data-element_type=\"column\" data-e-type=\"column\">\n\t\t\t<div class=\"elementor-widget-wrap elementor-element-populated\">\n\t\t\t\t\t\t<div class=\"elementor-element elementor-element-be3b82a elementor-blockquote--skin-quotation elementor-blockquote--align-left elementor-widget elementor-widget-blockquote\" data-id=\"be3b82a\" data-element_type=\"widget\" data-e-type=\"widget\" data-widget_type=\"blockquote.default\">\n\t\t\t\t<div class=\"elementor-widget-container\">\n\t\t\t\t\t\t\t<blockquote class=\"elementor-blockquote\">\n\t\t\t<p class=\"elementor-blockquote__content\">\n\t\t\t\tUn enfant qui se comporte mal est un enfant d\u00e9courag\u00e9.\t\t\t<\/p>\n\t\t\t\t\t\t\t<div class=\"e-q-footer\">\n\t\t\t\t\t\t\t\t\t\t\t<cite class=\"elementor-blockquote__author\">Rudolf Dreikurs<\/cite>\n\t\t\t\t\t\t\t\t\t\t\t\t\t\t<\/div>\n\t\t\t\t\t<\/blockquote>\n\t\t\t\t\t\t<\/div>\n\t\t\t\t<\/div>\n\t\t\t\t\t<\/div>\n\t\t<\/div>\n\t\t\t\t\t<\/div>\n\t\t<\/section>\n\t\t\t\t<section class=\"elementor-section elementor-top-section elementor-element elementor-element-b1300ba elementor-section-boxed elementor-section-height-default elementor-section-height-default\" data-id=\"b1300ba\" data-element_type=\"section\" data-e-type=\"section\">\n\t\t\t\t\t\t<div class=\"elementor-container elementor-column-gap-default\">\n\t\t\t\t\t<div class=\"elementor-column elementor-col-100 elementor-top-column elementor-element elementor-element-2961bfd\" data-id=\"2961bfd\" data-element_type=\"column\" data-e-type=\"column\">\n\t\t\t<div class=\"elementor-widget-wrap elementor-element-populated\">\n\t\t\t\t\t\t<section class=\"elementor-section elementor-inner-section elementor-element elementor-element-3fd8f00 elementor-section-boxed elementor-section-height-default elementor-section-height-default\" data-id=\"3fd8f00\" data-element_type=\"section\" data-e-type=\"section\">\n\t\t\t\t\t\t<div class=\"elementor-container elementor-column-gap-default\">\n\t\t\t\t\t<div class=\"elementor-column elementor-col-50 elementor-inner-column elementor-element elementor-element-acfa595\" data-id=\"acfa595\" data-element_type=\"column\" data-e-type=\"column\">\n\t\t\t<div class=\"elementor-widget-wrap elementor-element-populated\">\n\t\t\t\t\t\t<div class=\"elementor-element elementor-element-6d46069 uael-heading-align-left elementor-widget elementor-widget-uael-advanced-heading\" data-id=\"6d46069\" data-element_type=\"widget\" data-e-type=\"widget\" data-widget_type=\"uael-advanced-heading.default\">\n\t\t\t\t<div class=\"elementor-widget-container\">\n\t\t\t\t\t\n\t\t<div class=\"uael-module-content uael-heading-wrapper\">\n\t\t\t\t\t\t\n\t\t\t<h2 class=\"uael-heading\">\n\t\t\t\t\t\t\t\t\t\t<span class=\"uael-heading-text elementor-inline-editing uael-size--default\" data-elementor-setting-key=\"heading_title\" data-elementor-inline-editing-toolbar=\"basic\">\u00c0 propos de Chip DeLorenzo, M.Ed.<\/span>\n\t\t\t\t\t\t\t<\/h2>\n\n\t\t\t\n\t\t\t\n\t\t\t\n\t\t\t\t\t\t<\/div>\n\t\t\t\t\t\t<\/div>\n\t\t\t\t<\/div>\n\t\t\t\t<div class=\"elementor-element elementor-element-e990a38 elementor-widget elementor-widget-text-editor\" data-id=\"e990a38\" data-element_type=\"widget\" data-e-type=\"widget\" data-widget_type=\"text-editor.default\">\n\t\t\t\t<div class=\"elementor-widget-container\">\n\t\t\t\t\t\t\t\t\t<p>Chip DeLorenzo est \u00e9ducateur Montessori depuis 1995. Il est le co-auteur, avec Jane Nelsen, de <em>Positive Discipline in the Montessori Classroom<\/em>. En tant que formateur d&rsquo;enseignants et consultant scolaire, Chip a travaill\u00e9 avec des milliers d&rsquo;enseignants et de parents Montessori pour enseigner les principes et les pratiques de la Discipline Positive dans le cadre de divers ateliers et conf\u00e9rences. Il est l&rsquo;ancien directeur de l \u00ab \u00e9cole Montessori de Damariscotta, o\u00f9 il a pass\u00e9 20 ans en tant que chef d \u00bb \u00e9tablissement et enseignant. Chip est titulaire des certifications AMS Early Childhood, Lower and Upper Elementary, et a beaucoup travaill\u00e9 avec des adolescents Montessori. Il est le p\u00e8re de cinq enfants Montessori et vit avec sa femme, Kathy, \u00e0 Loveland, dans l&rsquo;Ohio.     <\/p>\t\t\t\t\t\t\t\t<\/div>\n\t\t\t\t<\/div>\n\t\t\t\t\t<\/div>\n\t\t<\/div>\n\t\t\t\t<div class=\"elementor-column elementor-col-50 elementor-inner-column elementor-element elementor-element-02a0774\" data-id=\"02a0774\" data-element_type=\"column\" data-e-type=\"column\">\n\t\t\t<div class=\"elementor-widget-wrap elementor-element-populated\">\n\t\t\t\t\t\t<div class=\"elementor-element elementor-element-ddfe72c elementor-widget__width-initial elementor-absolute elementor-widget elementor-widget-image\" data-id=\"ddfe72c\" data-element_type=\"widget\" data-e-type=\"widget\" data-settings=\"{&quot;_position&quot;:&quot;absolute&quot;}\" data-widget_type=\"image.default\">\n\t\t\t\t<div class=\"elementor-widget-container\">\n\t\t\t\t\t\t\t\t\t\t\t\t<figure class=\"wp-caption\">\n\t\t\t\t\t\t\t\t\t\t<img fetchpriority=\"high\" decoding=\"async\" width=\"683\" height=\"1024\" src=\"https:\/\/pdmc-montessori.org\/wp-content\/uploads\/2025\/12\/dc432f79-4d1c-48ad-af0c-6130199f7a32-e1773349404557.jpg\" class=\"attachment-2048x2048 size-2048x2048 wp-image-14586\" alt=\"\" \/>\t\t\t\t\t\t\t\t\t\t\t<figcaption class=\"widget-image-caption wp-caption-text\">Chip DeLorenzo<\/figcaption>\n\t\t\t\t\t\t\t\t\t\t<\/figure>\n\t\t\t\t\t\t\t\t\t<\/div>\n\t\t\t\t<\/div>\n\t\t\t\t\t<\/div>\n\t\t<\/div>\n\t\t\t\t\t<\/div>\n\t\t<\/section>\n\t\t\t\t\t<\/div>\n\t\t<\/div>\n\t\t\t\t\t<\/div>\n\t\t<\/section>\n\t\t\t\t<section class=\"elementor-section elementor-top-section elementor-element elementor-element-ea81830 elementor-section-boxed elementor-section-height-default elementor-section-height-default\" data-id=\"ea81830\" data-element_type=\"section\" data-e-type=\"section\">\n\t\t\t\t\t\t<div class=\"elementor-container elementor-column-gap-default\">\n\t\t\t\t\t<div class=\"elementor-column elementor-col-100 elementor-top-column elementor-element elementor-element-021c5d9\" data-id=\"021c5d9\" data-element_type=\"column\" data-e-type=\"column\">\n\t\t\t<div class=\"elementor-widget-wrap elementor-element-populated\">\n\t\t\t\t\t\t<div class=\"elementor-element elementor-element-98feffc elementor-widget elementor-widget-uael-advanced-heading\" data-id=\"98feffc\" data-element_type=\"widget\" data-e-type=\"widget\" data-widget_type=\"uael-advanced-heading.default\">\n\t\t\t\t<div class=\"elementor-widget-container\">\n\t\t\t\t\t\n\t\t<div class=\"uael-module-content uael-heading-wrapper\">\n\t\t\t\t\t\t\n\t\t\t<h2 class=\"uael-heading\">\n\t\t\t\t\t\t\t\t\t\t<span class=\"uael-heading-text elementor-inline-editing uael-size--default\" data-elementor-setting-key=\"heading_title\" data-elementor-inline-editing-toolbar=\"basic\">\u00c0 propos de la discipline positive<\/span>\n\t\t\t\t\t\t\t<\/h2>\n\n\t\t\t\n\t\t\t\n\t\t\t\n\t\t\t\t\t\t<\/div>\n\t\t\t\t\t\t<\/div>\n\t\t\t\t<\/div>\n\t\t\t\t\t<\/div>\n\t\t<\/div>\n\t\t\t\t\t<\/div>\n\t\t<\/section>\n\t\t\t\t<section class=\"elementor-section elementor-top-section elementor-element elementor-element-973d6ab elementor-section-boxed elementor-section-height-default elementor-section-height-default\" data-id=\"973d6ab\" data-element_type=\"section\" data-e-type=\"section\">\n\t\t\t\t\t\t<div class=\"elementor-container elementor-column-gap-default\">\n\t\t\t\t\t<div class=\"elementor-column elementor-col-100 elementor-top-column elementor-element elementor-element-c1759c7\" data-id=\"c1759c7\" data-element_type=\"column\" data-e-type=\"column\">\n\t\t\t<div class=\"elementor-widget-wrap elementor-element-populated\">\n\t\t\t\t\t\t<section class=\"elementor-section elementor-inner-section elementor-element elementor-element-747fa38 elementor-section-content-top elementor-section-boxed elementor-section-height-default elementor-section-height-default\" data-id=\"747fa38\" data-element_type=\"section\" data-e-type=\"section\">\n\t\t\t\t\t\t<div class=\"elementor-container elementor-column-gap-narrow\">\n\t\t\t\t\t<div class=\"elementor-column elementor-col-50 elementor-inner-column elementor-element elementor-element-f6b7ef2\" data-id=\"f6b7ef2\" data-element_type=\"column\" data-e-type=\"column\">\n\t\t\t<div class=\"elementor-widget-wrap elementor-element-populated\">\n\t\t\t\t\t\t<div class=\"elementor-element elementor-element-1b46093 elementor-widget elementor-widget-text-editor\" data-id=\"1b46093\" data-element_type=\"widget\" data-e-type=\"widget\" data-widget_type=\"text-editor.default\">\n\t\t\t\t<div class=\"elementor-widget-container\">\n\t\t\t\t\t\t\t\t\t<p>La discipline positive est utilis\u00e9e comme approche fondamentale de la discipline en classe et \u00e0 l&rsquo;\u00e9cole dans de nombreuses \u00e9coles Montessori \u00e0 travers les \u00c9tats-Unis en raison de sa continuit\u00e9 avec les principes Montessori de respect et d&rsquo;ind\u00e9pendance.<\/p>\t\t\t\t\t\t\t\t<\/div>\n\t\t\t\t<\/div>\n\t\t\t\t<div class=\"elementor-element elementor-element-c74e57d elementor-widget elementor-widget-text-editor\" data-id=\"c74e57d\" data-element_type=\"widget\" data-e-type=\"widget\" data-widget_type=\"text-editor.default\">\n\t\t\t\t<div class=\"elementor-widget-container\">\n\t\t\t\t\t\t\t\t\t<p>La discipline positive est fond\u00e9e sur les travaux d&rsquo;Alfred Adler et de Rudolph Dreikurs, contemporains de Maria Montessori. L&rsquo;objectif principal de cette approche est d&rsquo;aider \u00e0 cr\u00e9er un environnement social et \u00e9motionnel dans lequel les enfants disposent des outils n\u00e9cessaires pour devenir des membres responsables, respectueux et comp\u00e9tents de leur communaut\u00e9 et de leur famille. Bas\u00e9e sur les livres \u00e0 succ\u00e8s de Jane Nelsen, PhD, la Discipline Positive enseigne d&rsquo;importantes comp\u00e9tences sociales et de vie d&rsquo;une mani\u00e8re profond\u00e9ment respectueuse des enfants et des adultes.  <\/p><p><em>\u00ab\u00a0Chip et Jane ont saisi l&rsquo;essence de l&rsquo;action des enseignants en faveur de l&rsquo;autonomie des \u00e9l\u00e8ves. Leur livre encadre la discipline positive d&rsquo;un point de vue montessorien et offre des exemples concrets et r\u00e9alistes en classe. Toutes les \u00e9coles Montessori et tous les programmes de formation des enseignants devraient avoir ce livre comme r\u00e9f\u00e9rence. ~ <\/em>Betsy Coe, directrice, School of the Woods, Middle &amp; High School, directrice g\u00e9n\u00e9rale, Houston Montessori Center<\/p><p> <\/p>\t\t\t\t\t\t\t\t<\/div>\n\t\t\t\t<\/div>\n\t\t\t\t\t<\/div>\n\t\t<\/div>\n\t\t\t\t<div class=\"elementor-column elementor-col-50 elementor-inner-column elementor-element elementor-element-adfbeb7\" data-id=\"adfbeb7\" data-element_type=\"column\" data-e-type=\"column\">\n\t\t\t<div class=\"elementor-widget-wrap elementor-element-populated\">\n\t\t\t\t\t\t<div class=\"elementor-element elementor-element-e89f03b elementor-widget elementor-widget-image\" data-id=\"e89f03b\" data-element_type=\"widget\" data-e-type=\"widget\" data-widget_type=\"image.default\">\n\t\t\t\t<div class=\"elementor-widget-container\">\n\t\t\t\t\t\t\t\t\t\t\t\t\t\t\t<img decoding=\"async\" width=\"357\" height=\"536\" src=\"https:\/\/pdmc-montessori.org\/wp-content\/uploads\/2020\/11\/Globechild.jpg\" class=\"attachment-large size-large wp-image-5472\" alt=\"\" srcset=\"https:\/\/pdmc-montessori.org\/wp-content\/uploads\/2020\/11\/Globechild.jpg 357w, https:\/\/pdmc-montessori.org\/wp-content\/uploads\/2020\/11\/Globechild-200x300.jpg 200w\" sizes=\"(max-width: 357px) 100vw, 357px\" \/>\t\t\t\t\t\t\t\t\t\t\t\t\t\t\t<\/div>\n\t\t\t\t<\/div>\n\t\t\t\t\t<\/div>\n\t\t<\/div>\n\t\t\t\t\t<\/div>\n\t\t<\/section>\n\t\t\t\t\t<\/div>\n\t\t<\/div>\n\t\t\t\t\t<\/div>\n\t\t<\/section>\n\t\t\t\t<\/div>\n\t\t","protected":false},"excerpt":{"rendered":"<p>Un enfant qui se comporte mal est un enfant d\u00e9courag\u00e9. Rudolf Dreikurs \u00c0 propos de Chip DeLorenzo, M.Ed. Chip DeLorenzo est \u00e9ducateur Montessori depuis 1995. Il est le co-auteur, avec Jane Nelsen, de Positive Discipline [&hellip;]<\/p>\n","protected":false},"author":2,"featured_media":0,"parent":0,"menu_order":0,"comment_status":"closed","ping_status":"closed","template":"","meta":{"site-sidebar-layout":"no-sidebar","site-content-layout":"page-builder","ast-site-content-layout":"default","site-content-style":"default","site-sidebar-style":"default","ast-global-header-display":"","ast-banner-title-visibility":"","ast-main-header-display":"","ast-hfb-above-header-display":"","ast-hfb-below-header-display":"","ast-hfb-mobile-header-display":"","site-post-title":"","ast-breadcrumbs-content":"","ast-featured-img":"disabled","footer-sml-layout":"","ast-disable-related-posts":"","theme-transparent-header-meta":"default","adv-header-id-meta":"","stick-header-meta":"default","header-above-stick-meta":"","header-main-stick-meta":"","header-below-stick-meta":"","astra-migrate-meta-layouts":"default","ast-page-background-enabled":"default","ast-page-background-meta":{"desktop":{"background-color":"","background-image":"","background-repeat":"repeat","background-position":"center center","background-size":"auto","background-attachment":"scroll","background-type":"","background-media":"","overlay-type":"","overlay-color":"","overlay-opacity":"","overlay-gradient":""},"tablet":{"background-color":"","background-image":"","background-repeat":"repeat","background-position":"center center","background-size":"auto","background-attachment":"scroll","background-type":"","background-media":"","overlay-type":"","overlay-color":"","overlay-opacity":"","overlay-gradient":""},"mobile":{"background-color":"","background-image":"","background-repeat":"repeat","background-position":"center center","background-size":"auto","background-attachment":"scroll","background-type":"","background-media":"","overlay-type":"","overlay-color":"","overlay-opacity":"","overlay-gradient":""}},"ast-content-background-meta":{"desktop":{"background-color":"var(--ast-global-color-5)","background-image":"","background-repeat":"repeat","background-position":"center center","background-size":"auto","background-attachment":"scroll","background-type":"","background-media":"","overlay-type":"","overlay-color":"","overlay-opacity":"","overlay-gradient":""},"tablet":{"background-color":"var(--ast-global-color-5)","background-image":"","background-repeat":"repeat","background-position":"center center","background-size":"auto","background-attachment":"scroll","background-type":"","background-media":"","overlay-type":"","overlay-color":"","overlay-opacity":"","overlay-gradient":""},"mobile":{"background-color":"var(--ast-global-color-5)","background-image":"","background-repeat":"repeat","background-position":"center center","background-size":"auto","background-attachment":"scroll","background-type":"","background-media":"","overlay-type":"","overlay-color":"","overlay-opacity":"","overlay-gradient":""}},"footnotes":""},"class_list":["post-10808","page","type-page","status-publish","hentry"],"yoast_head":"<!-- This site is optimized with the Yoast SEO plugin v27.5 - https:\/\/yoast.com\/product\/yoast-seo-wordpress\/ -->\n<title>A propos de - Positive Discipline in the Montessori Classroom<\/title>\n<meta name=\"robots\" content=\"index, follow, max-snippet:-1, max-image-preview:large, max-video-preview:-1\" \/>\n<link rel=\"canonical\" href=\"https:\/\/pdmc-montessori.org\/fr\/a-propos-de\/\" \/>\n<meta property=\"og:locale\" content=\"fr_FR\" \/>\n<meta property=\"og:type\" content=\"article\" \/>\n<meta property=\"og:title\" content=\"A propos de - Positive Discipline in the Montessori Classroom\" \/>\n<meta property=\"og:description\" content=\"Un enfant qui se comporte mal est un enfant d\u00e9courag\u00e9. Rudolf Dreikurs \u00c0 propos de Chip DeLorenzo, M.Ed. Chip DeLorenzo est \u00e9ducateur Montessori depuis 1995. Il est le co-auteur, avec Jane Nelsen, de Positive Discipline [&hellip;]\" \/>\n<meta property=\"og:url\" content=\"https:\/\/pdmc-montessori.org\/fr\/a-propos-de\/\" \/>\n<meta property=\"og:site_name\" content=\"Positive Discipline in the Montessori Classroom\" \/>\n<meta property=\"article:modified_time\" content=\"2025-12-18T21:21:01+00:00\" \/>\n<meta property=\"og:image\" content=\"https:\/\/pdmc-montessori.org\/wp-content\/uploads\/2025\/12\/dc432f79-4d1c-48ad-af0c-6130199f7a32.jpg\" \/>\n<meta name=\"twitter:card\" content=\"summary_large_image\" \/>\n<meta name=\"twitter:label1\" content=\"Est. reading time\" \/>\n\t<meta name=\"twitter:data1\" content=\"2 minutes\" \/>\n<script type=\"application\/ld+json\" class=\"yoast-schema-graph\">{\"@context\":\"https:\\\/\\\/schema.org\",\"@graph\":[{\"@type\":\"WebPage\",\"@id\":\"https:\\\/\\\/pdmc-montessori.org\\\/fr\\\/a-propos-de\\\/\",\"url\":\"https:\\\/\\\/pdmc-montessori.org\\\/fr\\\/a-propos-de\\\/\",\"name\":\"A propos de - Positive Discipline in the Montessori Classroom\",\"isPartOf\":{\"@id\":\"https:\\\/\\\/pdmc-montessori.org\\\/fr\\\/#website\"},\"primaryImageOfPage\":{\"@id\":\"https:\\\/\\\/pdmc-montessori.org\\\/fr\\\/a-propos-de\\\/#primaryimage\"},\"image\":{\"@id\":\"https:\\\/\\\/pdmc-montessori.org\\\/fr\\\/a-propos-de\\\/#primaryimage\"},\"thumbnailUrl\":\"https:\\\/\\\/pdmc-montessori.org\\\/wp-content\\\/uploads\\\/2025\\\/12\\\/dc432f79-4d1c-48ad-af0c-6130199f7a32.jpg\",\"datePublished\":\"2020-11-02T02:41:48+00:00\",\"dateModified\":\"2025-12-18T21:21:01+00:00\",\"breadcrumb\":{\"@id\":\"https:\\\/\\\/pdmc-montessori.org\\\/fr\\\/a-propos-de\\\/#breadcrumb\"},\"inLanguage\":\"fr-FR\",\"potentialAction\":[{\"@type\":\"ReadAction\",\"target\":[\"https:\\\/\\\/pdmc-montessori.org\\\/fr\\\/a-propos-de\\\/\"]}]},{\"@type\":\"ImageObject\",\"inLanguage\":\"fr-FR\",\"@id\":\"https:\\\/\\\/pdmc-montessori.org\\\/fr\\\/a-propos-de\\\/#primaryimage\",\"url\":\"https:\\\/\\\/pdmc-montessori.org\\\/wp-content\\\/uploads\\\/2025\\\/12\\\/dc432f79-4d1c-48ad-af0c-6130199f7a32.jpg\",\"contentUrl\":\"https:\\\/\\\/pdmc-montessori.org\\\/wp-content\\\/uploads\\\/2025\\\/12\\\/dc432f79-4d1c-48ad-af0c-6130199f7a32.jpg\"},{\"@type\":\"BreadcrumbList\",\"@id\":\"https:\\\/\\\/pdmc-montessori.org\\\/fr\\\/a-propos-de\\\/#breadcrumb\",\"itemListElement\":[{\"@type\":\"ListItem\",\"position\":1,\"name\":\"Home\",\"item\":\"https:\\\/\\\/pdmc-montessori.org\\\/fr\\\/page-daccueil-du-cd\\\/\"},{\"@type\":\"ListItem\",\"position\":2,\"name\":\"A propos de\"}]},{\"@type\":\"WebSite\",\"@id\":\"https:\\\/\\\/pdmc-montessori.org\\\/fr\\\/#website\",\"url\":\"https:\\\/\\\/pdmc-montessori.org\\\/fr\\\/\",\"name\":\"Positive Discipline in the Montessori Classroom\",\"description\":\"Positive Discipline training for Montessori educators\",\"publisher\":{\"@id\":\"https:\\\/\\\/pdmc-montessori.org\\\/fr\\\/#\\\/schema\\\/person\\\/6b4869f122ec229aca6c597b8b59f661\"},\"alternateName\":\"PDMC Montessori\",\"potentialAction\":[{\"@type\":\"SearchAction\",\"target\":{\"@type\":\"EntryPoint\",\"urlTemplate\":\"https:\\\/\\\/pdmc-montessori.org\\\/fr\\\/?s={search_term_string}\"},\"query-input\":{\"@type\":\"PropertyValueSpecification\",\"valueRequired\":true,\"valueName\":\"search_term_string\"}}],\"inLanguage\":\"fr-FR\"},{\"@type\":[\"Person\",\"Organization\"],\"@id\":\"https:\\\/\\\/pdmc-montessori.org\\\/fr\\\/#\\\/schema\\\/person\\\/6b4869f122ec229aca6c597b8b59f661\",\"name\":\"Chip DeLorenzo\",\"image\":{\"@type\":\"ImageObject\",\"inLanguage\":\"fr-FR\",\"@id\":\"https:\\\/\\\/pdmc-montessori.org\\\/wp-content\\\/uploads\\\/2025\\\/03\\\/cropped-PDMC-Website-Logo-1-1.png\",\"url\":\"https:\\\/\\\/pdmc-montessori.org\\\/wp-content\\\/uploads\\\/2025\\\/03\\\/cropped-PDMC-Website-Logo-1-1.png\",\"contentUrl\":\"https:\\\/\\\/pdmc-montessori.org\\\/wp-content\\\/uploads\\\/2025\\\/03\\\/cropped-PDMC-Website-Logo-1-1.png\",\"width\":1554,\"height\":395,\"caption\":\"Chip DeLorenzo\"},\"logo\":{\"@id\":\"https:\\\/\\\/pdmc-montessori.org\\\/wp-content\\\/uploads\\\/2025\\\/03\\\/cropped-PDMC-Website-Logo-1-1.png\"}}]}<\/script>\n<!-- \/ Yoast SEO plugin. -->","yoast_head_json":{"title":"A propos de - Positive Discipline in the Montessori Classroom","robots":{"index":"index","follow":"follow","max-snippet":"max-snippet:-1","max-image-preview":"max-image-preview:large","max-video-preview":"max-video-preview:-1"},"canonical":"https:\/\/pdmc-montessori.org\/fr\/a-propos-de\/","og_locale":"fr_FR","og_type":"article","og_title":"A propos de - Positive Discipline in the Montessori Classroom","og_description":"Un enfant qui se comporte mal est un enfant d\u00e9courag\u00e9. Rudolf Dreikurs \u00c0 propos de Chip DeLorenzo, M.Ed. Chip DeLorenzo est \u00e9ducateur Montessori depuis 1995. Il est le co-auteur, avec Jane Nelsen, de Positive Discipline [&hellip;]","og_url":"https:\/\/pdmc-montessori.org\/fr\/a-propos-de\/","og_site_name":"Positive Discipline in the Montessori Classroom","article_modified_time":"2025-12-18T21:21:01+00:00","og_image":[{"url":"https:\/\/pdmc-montessori.org\/wp-content\/uploads\/2025\/12\/dc432f79-4d1c-48ad-af0c-6130199f7a32.jpg","type":"","width":"","height":""}],"twitter_card":"summary_large_image","twitter_misc":{"Est. reading time":"2 minutes"},"schema":{"@context":"https:\/\/schema.org","@graph":[{"@type":"WebPage","@id":"https:\/\/pdmc-montessori.org\/fr\/a-propos-de\/","url":"https:\/\/pdmc-montessori.org\/fr\/a-propos-de\/","name":"A propos de - Positive Discipline in the Montessori Classroom","isPartOf":{"@id":"https:\/\/pdmc-montessori.org\/fr\/#website"},"primaryImageOfPage":{"@id":"https:\/\/pdmc-montessori.org\/fr\/a-propos-de\/#primaryimage"},"image":{"@id":"https:\/\/pdmc-montessori.org\/fr\/a-propos-de\/#primaryimage"},"thumbnailUrl":"https:\/\/pdmc-montessori.org\/wp-content\/uploads\/2025\/12\/dc432f79-4d1c-48ad-af0c-6130199f7a32.jpg","datePublished":"2020-11-02T02:41:48+00:00","dateModified":"2025-12-18T21:21:01+00:00","breadcrumb":{"@id":"https:\/\/pdmc-montessori.org\/fr\/a-propos-de\/#breadcrumb"},"inLanguage":"fr-FR","potentialAction":[{"@type":"ReadAction","target":["https:\/\/pdmc-montessori.org\/fr\/a-propos-de\/"]}]},{"@type":"ImageObject","inLanguage":"fr-FR","@id":"https:\/\/pdmc-montessori.org\/fr\/a-propos-de\/#primaryimage","url":"https:\/\/pdmc-montessori.org\/wp-content\/uploads\/2025\/12\/dc432f79-4d1c-48ad-af0c-6130199f7a32.jpg","contentUrl":"https:\/\/pdmc-montessori.org\/wp-content\/uploads\/2025\/12\/dc432f79-4d1c-48ad-af0c-6130199f7a32.jpg"},{"@type":"BreadcrumbList","@id":"https:\/\/pdmc-montessori.org\/fr\/a-propos-de\/#breadcrumb","itemListElement":[{"@type":"ListItem","position":1,"name":"Home","item":"https:\/\/pdmc-montessori.org\/fr\/page-daccueil-du-cd\/"},{"@type":"ListItem","position":2,"name":"A propos de"}]},{"@type":"WebSite","@id":"https:\/\/pdmc-montessori.org\/fr\/#website","url":"https:\/\/pdmc-montessori.org\/fr\/","name":"Positive Discipline in the Montessori Classroom","description":"Positive Discipline training for Montessori educators","publisher":{"@id":"https:\/\/pdmc-montessori.org\/fr\/#\/schema\/person\/6b4869f122ec229aca6c597b8b59f661"},"alternateName":"PDMC Montessori","potentialAction":[{"@type":"SearchAction","target":{"@type":"EntryPoint","urlTemplate":"https:\/\/pdmc-montessori.org\/fr\/?s={search_term_string}"},"query-input":{"@type":"PropertyValueSpecification","valueRequired":true,"valueName":"search_term_string"}}],"inLanguage":"fr-FR"},{"@type":["Person","Organization"],"@id":"https:\/\/pdmc-montessori.org\/fr\/#\/schema\/person\/6b4869f122ec229aca6c597b8b59f661","name":"Chip DeLorenzo","image":{"@type":"ImageObject","inLanguage":"fr-FR","@id":"https:\/\/pdmc-montessori.org\/wp-content\/uploads\/2025\/03\/cropped-PDMC-Website-Logo-1-1.png","url":"https:\/\/pdmc-montessori.org\/wp-content\/uploads\/2025\/03\/cropped-PDMC-Website-Logo-1-1.png","contentUrl":"https:\/\/pdmc-montessori.org\/wp-content\/uploads\/2025\/03\/cropped-PDMC-Website-Logo-1-1.png","width":1554,"height":395,"caption":"Chip DeLorenzo"},"logo":{"@id":"https:\/\/pdmc-montessori.org\/wp-content\/uploads\/2025\/03\/cropped-PDMC-Website-Logo-1-1.png"}}]}},"jetpack_sharing_enabled":true,"_links":{"self":[{"href":"https:\/\/pdmc-montessori.org\/fr\/wp-json\/wp\/v2\/pages\/10808","targetHints":{"allow":["GET"]}}],"collection":[{"href":"https:\/\/pdmc-montessori.org\/fr\/wp-json\/wp\/v2\/pages"}],"about":[{"href":"https:\/\/pdmc-montessori.org\/fr\/wp-json\/wp\/v2\/types\/page"}],"author":[{"embeddable":true,"href":"https:\/\/pdmc-montessori.org\/fr\/wp-json\/wp\/v2\/users\/2"}],"replies":[{"embeddable":true,"href":"https:\/\/pdmc-montessori.org\/fr\/wp-json\/wp\/v2\/comments?post=10808"}],"version-history":[{"count":0,"href":"https:\/\/pdmc-montessori.org\/fr\/wp-json\/wp\/v2\/pages\/10808\/revisions"}],"wp:attachment":[{"href":"https:\/\/pdmc-montessori.org\/fr\/wp-json\/wp\/v2\/media?parent=10808"}],"curies":[{"name":"wp","href":"https:\/\/api.w.org\/{rel}","templated":true}]}}