{"id":10815,"date":"2020-10-25T23:55:06","date_gmt":"2020-10-26T03:55:06","guid":{"rendered":"https:\/\/pdmc-montessori.org\/pagina-campione\/"},"modified":"2025-06-10T18:52:35","modified_gmt":"2025-06-10T22:52:35","slug":"pagina-campione","status":"publish","type":"page","link":"https:\/\/pdmc-montessori.org\/it\/pagina-campione\/","title":{"rendered":"Pagina campione"},"content":{"rendered":"\n<p>Questa \u00e8 una pagina di esempio. \u00c8 diversa da un post di un blog perch\u00e9 rimarr\u00e0 in un unico posto e apparir\u00e0 nella navigazione del sito (nella maggior parte dei temi). La maggior parte delle persone inizia con una pagina About che li presenta ai potenziali visitatori del sito. Potrebbe dire qualcosa del genere:   <\/p>\n\n<blockquote class=\"wp-block-quote is-layout-flow wp-block-quote-is-layout-flow\"><p>Ciao a tutti! Sono un corriere in bicicletta di giorno, un aspirante attore di notte e questo \u00e8 il mio sito web. Vivo a Los Angeles, ho un cane fantastico di nome Jack e mi piacciono le pi\u00f1a colada. (E farsi prendere dalla pioggia).   <\/p><\/blockquote>\n\n<p>&#8230;o qualcosa del genere:<\/p>\n\n<blockquote class=\"wp-block-quote is-layout-flow wp-block-quote-is-layout-flow\"><p>La XYZ Doohickey Company \u00e8 stata fondata nel 1971 e da allora fornisce al pubblico doohickey di qualit\u00e0. Situata a Gotham City, XYZ d\u00e0 lavoro a oltre 2.000 persone e fa un sacco di cose fantastiche per la comunit\u00e0 di Gotham. <\/p><\/blockquote>\n\n<p>Come nuovo utente di WordPress, devi andare nella <a href=\"http:\/\/cdelorenzo.wpengine.com\/wp-admin\/\">tua dashboard<\/a> per eliminare questa pagina e creare nuove pagine per i tuoi contenuti. Buon divertimento! <\/p>\n","protected":false},"excerpt":{"rendered":"<p>Questa \u00e8 una pagina di esempio. \u00c8 diversa da un post di un blog perch\u00e9 rimarr\u00e0 in un unico posto e apparir\u00e0 nella navigazione del sito (nella maggior parte dei temi). La maggior parte delle [&hellip;]<\/p>\n","protected":false},"author":1,"featured_media":0,"parent":0,"menu_order":0,"comment_status":"closed","ping_status":"open","template":"","meta":{"site-sidebar-layout":"default","site-content-layout":"default","ast-site-content-layout":"default","site-content-style":"default","site-sidebar-style":"default","ast-global-header-display":"","ast-banner-title-visibility":"","ast-main-header-display":"","ast-hfb-above-header-display":"","ast-hfb-below-header-display":"","ast-hfb-mobile-header-display":"","site-post-title":"","ast-breadcrumbs-content":"","ast-featured-img":"","footer-sml-layout":"","theme-transparent-header-meta":"default","adv-header-id-meta":"","stick-header-meta":"","header-above-stick-meta":"","header-main-stick-meta":"","header-below-stick-meta":"","astra-migrate-meta-layouts":"default","ast-page-background-enabled":"default","ast-page-background-meta":{"desktop":{"background-color":"","background-image":"","background-repeat":"repeat","background-position":"center center","background-size":"auto","background-attachment":"scroll","background-type":"","background-media":"","overlay-type":"","overlay-color":"","overlay-opacity":"","overlay-gradient":""},"tablet":{"background-color":"","background-image":"","background-repeat":"repeat","background-position":"center center","background-size":"auto","background-attachment":"scroll","background-type":"","background-media":"","overlay-type":"","overlay-color":"","overlay-opacity":"","overlay-gradient":""},"mobile":{"background-color":"","background-image":"","background-repeat":"repeat","background-position":"center center","background-size":"auto","background-attachment":"scroll","background-type":"","background-media":"","overlay-type":"","overlay-color":"","overlay-opacity":"","overlay-gradient":""}},"ast-content-background-meta":{"desktop":{"background-color":"var(--ast-global-color-5)","background-image":"","background-repeat":"repeat","background-position":"center center","background-size":"auto","background-attachment":"scroll","background-type":"","background-media":"","overlay-type":"","overlay-color":"","overlay-opacity":"","overlay-gradient":""},"tablet":{"background-color":"var(--ast-global-color-5)","background-image":"","background-repeat":"repeat","background-position":"center center","background-size":"auto","background-attachment":"scroll","background-type":"","background-media":"","overlay-type":"","overlay-color":"","overlay-opacity":"","overlay-gradient":""},"mobile":{"background-color":"var(--ast-global-color-5)","background-image":"","background-repeat":"repeat","background-position":"center center","background-size":"auto","background-attachment":"scroll","background-type":"","background-media":"","overlay-type":"","overlay-color":"","overlay-opacity":"","overlay-gradient":""}},"footnotes":""},"class_list":["post-10815","page","type-page","status-publish","hentry"],"yoast_head":"<!-- This site is optimized with the Yoast SEO plugin v27.3 - https:\/\/yoast.com\/product\/yoast-seo-wordpress\/ -->\n<title>Pagina campione - Positive Discipline in the Montessori Classroom<\/title>\n<meta name=\"robots\" content=\"index, follow, max-snippet:-1, max-image-preview:large, max-video-preview:-1\" \/>\n<link rel=\"canonical\" href=\"https:\/\/pdmc-montessori.org\/it\/pagina-campione\/\" \/>\n<meta property=\"og:locale\" content=\"it_IT\" \/>\n<meta property=\"og:type\" content=\"article\" \/>\n<meta property=\"og:title\" content=\"Pagina campione - Positive Discipline in the Montessori Classroom\" \/>\n<meta property=\"og:description\" content=\"Questa \u00e8 una pagina di esempio. \u00c8 diversa da un post di un blog perch\u00e9 rimarr\u00e0 in un unico posto e apparir\u00e0 nella navigazione del sito (nella maggior parte dei temi). La maggior parte delle [&hellip;]\" \/>\n<meta property=\"og:url\" content=\"https:\/\/pdmc-montessori.org\/it\/pagina-campione\/\" \/>\n<meta property=\"og:site_name\" content=\"Positive Discipline in the Montessori Classroom\" \/>\n<meta property=\"article:modified_time\" content=\"2025-06-10T22:52:35+00:00\" \/>\n<meta property=\"og:image\" content=\"https:\/\/pdmc-montessori.org\/wp-content\/uploads\/2025\/06\/PDMC-Square-Logo-2.png\" \/>\n\t<meta property=\"og:image:width\" content=\"6912\" \/>\n\t<meta property=\"og:image:height\" content=\"3456\" \/>\n\t<meta property=\"og:image:type\" content=\"image\/png\" \/>\n<meta name=\"twitter:card\" content=\"summary_large_image\" \/>\n<meta name=\"twitter:label1\" content=\"Est. reading time\" \/>\n\t<meta name=\"twitter:data1\" content=\"1 minuto\" \/>\n<script type=\"application\/ld+json\" class=\"yoast-schema-graph\">{\"@context\":\"https:\\\/\\\/schema.org\",\"@graph\":[{\"@type\":\"WebPage\",\"@id\":\"https:\\\/\\\/pdmc-montessori.org\\\/it\\\/pagina-campione\\\/\",\"url\":\"https:\\\/\\\/pdmc-montessori.org\\\/it\\\/pagina-campione\\\/\",\"name\":\"Pagina campione - Positive Discipline in the Montessori Classroom\",\"isPartOf\":{\"@id\":\"https:\\\/\\\/pdmc-montessori.org\\\/it\\\/#website\"},\"datePublished\":\"2020-10-26T03:55:06+00:00\",\"dateModified\":\"2025-06-10T22:52:35+00:00\",\"breadcrumb\":{\"@id\":\"https:\\\/\\\/pdmc-montessori.org\\\/it\\\/pagina-campione\\\/#breadcrumb\"},\"inLanguage\":\"it-IT\",\"potentialAction\":[{\"@type\":\"ReadAction\",\"target\":[\"https:\\\/\\\/pdmc-montessori.org\\\/it\\\/pagina-campione\\\/\"]}]},{\"@type\":\"BreadcrumbList\",\"@id\":\"https:\\\/\\\/pdmc-montessori.org\\\/it\\\/pagina-campione\\\/#breadcrumb\",\"itemListElement\":[{\"@type\":\"ListItem\",\"position\":1,\"name\":\"Home\",\"item\":\"https:\\\/\\\/pdmc-montessori.org\\\/it\\\/homepage-del-cd\\\/\"},{\"@type\":\"ListItem\",\"position\":2,\"name\":\"Pagina campione\"}]},{\"@type\":\"WebSite\",\"@id\":\"https:\\\/\\\/pdmc-montessori.org\\\/it\\\/#website\",\"url\":\"https:\\\/\\\/pdmc-montessori.org\\\/it\\\/\",\"name\":\"Positive Discipline in the Montessori Classroom\",\"description\":\"Positive Discipline training for Montessori educators\",\"publisher\":{\"@id\":\"https:\\\/\\\/pdmc-montessori.org\\\/it\\\/#\\\/schema\\\/person\\\/6b4869f122ec229aca6c597b8b59f661\"},\"alternateName\":\"PDMC Montessori\",\"potentialAction\":[{\"@type\":\"SearchAction\",\"target\":{\"@type\":\"EntryPoint\",\"urlTemplate\":\"https:\\\/\\\/pdmc-montessori.org\\\/it\\\/?s={search_term_string}\"},\"query-input\":{\"@type\":\"PropertyValueSpecification\",\"valueRequired\":true,\"valueName\":\"search_term_string\"}}],\"inLanguage\":\"it-IT\"},{\"@type\":[\"Person\",\"Organization\"],\"@id\":\"https:\\\/\\\/pdmc-montessori.org\\\/it\\\/#\\\/schema\\\/person\\\/6b4869f122ec229aca6c597b8b59f661\",\"name\":\"Chip DeLorenzo\",\"image\":{\"@type\":\"ImageObject\",\"inLanguage\":\"it-IT\",\"@id\":\"https:\\\/\\\/pdmc-montessori.org\\\/wp-content\\\/uploads\\\/2025\\\/03\\\/cropped-PDMC-Website-Logo-1-1.png\",\"url\":\"https:\\\/\\\/pdmc-montessori.org\\\/wp-content\\\/uploads\\\/2025\\\/03\\\/cropped-PDMC-Website-Logo-1-1.png\",\"contentUrl\":\"https:\\\/\\\/pdmc-montessori.org\\\/wp-content\\\/uploads\\\/2025\\\/03\\\/cropped-PDMC-Website-Logo-1-1.png\",\"width\":1554,\"height\":395,\"caption\":\"Chip DeLorenzo\"},\"logo\":{\"@id\":\"https:\\\/\\\/pdmc-montessori.org\\\/wp-content\\\/uploads\\\/2025\\\/03\\\/cropped-PDMC-Website-Logo-1-1.png\"}}]}<\/script>\n<!-- \/ Yoast SEO plugin. -->","yoast_head_json":{"title":"Pagina campione - Positive Discipline in the Montessori Classroom","robots":{"index":"index","follow":"follow","max-snippet":"max-snippet:-1","max-image-preview":"max-image-preview:large","max-video-preview":"max-video-preview:-1"},"canonical":"https:\/\/pdmc-montessori.org\/it\/pagina-campione\/","og_locale":"it_IT","og_type":"article","og_title":"Pagina campione - Positive Discipline in the Montessori Classroom","og_description":"Questa \u00e8 una pagina di esempio. \u00c8 diversa da un post di un blog perch\u00e9 rimarr\u00e0 in un unico posto e apparir\u00e0 nella navigazione del sito (nella maggior parte dei temi). La maggior parte delle [&hellip;]","og_url":"https:\/\/pdmc-montessori.org\/it\/pagina-campione\/","og_site_name":"Positive Discipline in the Montessori Classroom","article_modified_time":"2025-06-10T22:52:35+00:00","og_image":[{"width":6912,"height":3456,"url":"https:\/\/pdmc-montessori.org\/wp-content\/uploads\/2025\/06\/PDMC-Square-Logo-2.png","type":"image\/png"}],"twitter_card":"summary_large_image","twitter_misc":{"Est. reading time":"1 minuto"},"schema":{"@context":"https:\/\/schema.org","@graph":[{"@type":"WebPage","@id":"https:\/\/pdmc-montessori.org\/it\/pagina-campione\/","url":"https:\/\/pdmc-montessori.org\/it\/pagina-campione\/","name":"Pagina campione - Positive Discipline in the Montessori Classroom","isPartOf":{"@id":"https:\/\/pdmc-montessori.org\/it\/#website"},"datePublished":"2020-10-26T03:55:06+00:00","dateModified":"2025-06-10T22:52:35+00:00","breadcrumb":{"@id":"https:\/\/pdmc-montessori.org\/it\/pagina-campione\/#breadcrumb"},"inLanguage":"it-IT","potentialAction":[{"@type":"ReadAction","target":["https:\/\/pdmc-montessori.org\/it\/pagina-campione\/"]}]},{"@type":"BreadcrumbList","@id":"https:\/\/pdmc-montessori.org\/it\/pagina-campione\/#breadcrumb","itemListElement":[{"@type":"ListItem","position":1,"name":"Home","item":"https:\/\/pdmc-montessori.org\/it\/homepage-del-cd\/"},{"@type":"ListItem","position":2,"name":"Pagina campione"}]},{"@type":"WebSite","@id":"https:\/\/pdmc-montessori.org\/it\/#website","url":"https:\/\/pdmc-montessori.org\/it\/","name":"Positive Discipline in the Montessori Classroom","description":"Positive Discipline training for Montessori educators","publisher":{"@id":"https:\/\/pdmc-montessori.org\/it\/#\/schema\/person\/6b4869f122ec229aca6c597b8b59f661"},"alternateName":"PDMC Montessori","potentialAction":[{"@type":"SearchAction","target":{"@type":"EntryPoint","urlTemplate":"https:\/\/pdmc-montessori.org\/it\/?s={search_term_string}"},"query-input":{"@type":"PropertyValueSpecification","valueRequired":true,"valueName":"search_term_string"}}],"inLanguage":"it-IT"},{"@type":["Person","Organization"],"@id":"https:\/\/pdmc-montessori.org\/it\/#\/schema\/person\/6b4869f122ec229aca6c597b8b59f661","name":"Chip DeLorenzo","image":{"@type":"ImageObject","inLanguage":"it-IT","@id":"https:\/\/pdmc-montessori.org\/wp-content\/uploads\/2025\/03\/cropped-PDMC-Website-Logo-1-1.png","url":"https:\/\/pdmc-montessori.org\/wp-content\/uploads\/2025\/03\/cropped-PDMC-Website-Logo-1-1.png","contentUrl":"https:\/\/pdmc-montessori.org\/wp-content\/uploads\/2025\/03\/cropped-PDMC-Website-Logo-1-1.png","width":1554,"height":395,"caption":"Chip DeLorenzo"},"logo":{"@id":"https:\/\/pdmc-montessori.org\/wp-content\/uploads\/2025\/03\/cropped-PDMC-Website-Logo-1-1.png"}}]}},"jetpack_sharing_enabled":true,"_links":{"self":[{"href":"https:\/\/pdmc-montessori.org\/it\/wp-json\/wp\/v2\/pages\/10815","targetHints":{"allow":["GET"]}}],"collection":[{"href":"https:\/\/pdmc-montessori.org\/it\/wp-json\/wp\/v2\/pages"}],"about":[{"href":"https:\/\/pdmc-montessori.org\/it\/wp-json\/wp\/v2\/types\/page"}],"author":[{"embeddable":true,"href":"https:\/\/pdmc-montessori.org\/it\/wp-json\/wp\/v2\/users\/1"}],"replies":[{"embeddable":true,"href":"https:\/\/pdmc-montessori.org\/it\/wp-json\/wp\/v2\/comments?post=10815"}],"version-history":[{"count":0,"href":"https:\/\/pdmc-montessori.org\/it\/wp-json\/wp\/v2\/pages\/10815\/revisions"}],"wp:attachment":[{"href":"https:\/\/pdmc-montessori.org\/it\/wp-json\/wp\/v2\/media?parent=10815"}],"curies":[{"name":"wp","href":"https:\/\/api.w.org\/{rel}","templated":true}]}}